{"id":45836,"date":"2018-08-12T12:57:24","date_gmt":"2018-08-12T16:57:24","guid":{"rendered":"https:\/\/groupepicard.ca\/shop\/my-account\/"},"modified":"2018-08-12T12:57:24","modified_gmt":"2018-08-12T16:57:24","slug":"my-account","status":"publish","type":"page","link":"https:\/\/groupepicard.ca\/en\/shop\/my-account\/","title":{"rendered":"My Account"},"content":{"rendered":"<p>[et_pb_section bb_built=&#8221;1&#8243; background_color=&#8221;#ebebeb&#8221; custom_padding=&#8221;0px|0px|0px|0px&#8221; custom_padding_tablet=&#8221;15%|||&#8221; custom_padding_phone=&#8221;|||&#8221; fullwidth=&#8221;on&#8221; custom_padding_last_edited=&#8221;on|tablet&#8221; _builder_version=&#8221;3.0.72&#8243;][et_pb_fullwidth_slider background_position=&#8221;bottom_center&#8221; top_padding_phone=&#8221;25%&#8221; top_padding_last_edited=&#8221;on|tablet&#8221; module_class=&#8221;ds-slider-left&#8221; _builder_version=&#8221;3.0.72&#8243; header_font_size=&#8221;46px&#8221; header_text_color=&#8221;#00354b&#8221; header_letter_spacing=&#8221;-2px&#8221; body_font_size=&#8221;1.5vw&#8221; body_text_color=&#8221;rgba(219,0,14,0.71)&#8221; animation_style=&#8221;fade&#8221; auto=&#8221;on&#8221;] [et_pb_slide heading=&#8221;Vous voulez de l&#8217;acier?&#8221; background_image=&#8221;https:\/\/groupepicard.ca\/wp-content\/uploads\/2017\/10\/Headers-Catalogue.jpg&#8221; background_position=&#8221;bottom_center&#8221; background_color=&#8221;#ebebeb&#8221; use_bg_overlay=&#8221;on&#8221; _builder_version=&#8221;3.0.72&#8243; header_font=&#8221;|on|||&#8221; header_font_size=&#8221;5.5vw&#8221; header_font_size_tablet=&#8221;9.5vw&#8221; header_font_size_phone=&#8221;12vw&#8221; header_font_size_last_edited=&#8221;on|tablet&#8221; header_text_color=&#8221;#ffffff&#8221; header_line_height=&#8221;1.1em&#8221; body_font_size_tablet=&#8221;3vw&#8221; body_font_size_phone=&#8221;5vw&#8221; body_font_size_last_edited=&#8221;on|tablet&#8221; body_text_color=&#8221;rgba(255,255,255,0.71)&#8221; body_line_height=&#8221;1.2em&#8221;]<\/p>\n<p>Catalogue de produits en acier<\/p>\n<p>[\/et_pb_slide] [\/et_pb_fullwidth_slider][\/et_pb_section][et_pb_section bb_built=&#8221;1&#8243; background_color=&#8221;#ffffff&#8221; custom_padding=&#8221;71px|0px|28px|0px&#8221; _builder_version=&#8221;3.0.72&#8243;][et_pb_row custom_padding=&#8221;5px|0px|5px|0px&#8221; _builder_version=&#8221;3.0.72&#8243;][et_pb_column type=&#8221;4_4&#8243;][et_pb_text background_layout=&#8221;dark&#8221; text_orientation=&#8221;center&#8221; _builder_version=&#8221;3.0.72&#8243; text_font=&#8221;|on|||&#8221; text_font_size=&#8221;50px&#8221; text_font_size_tablet=&#8221;45px&#8221; text_font_size_phone=&#8221;36px&#8221; text_font_size_last_edited=&#8221;on|phone&#8221; text_line_height=&#8221;1.2em&#8221; text_line_height_tablet=&#8221;1.2em&#8221; text_line_height_phone=&#8221;1.2em&#8221; text_line_height_last_edited=&#8221;off|desktop&#8221; custom_margin=&#8221;|||&#8221; custom_padding=&#8221;|||&#8221;]<\/p>\n<p><span style=\"color: #00354b;\">Faites un choix parmis nos produits d&#8217;acier?<\/span><\/p>\n<p>[\/et_pb_text][\/et_pb_column][\/et_pb_row][et_pb_row make_fullwidth=&#8221;on&#8221; custom_padding=&#8221;25px|0px|0px|0px&#8221; custom_margin=&#8221;|||&#8221; background_repeat_1=&#8221;no-repeat&#8221; module_class=&#8221;eight-columns&#8221; _builder_version=&#8221;3.0.72&#8243; animation_style=&#8221;fade&#8221;][et_pb_column type=&#8221;4_4&#8243;][et_pb_blurb admin_label=&#8221;1&#8243; title=&#8221;Tubes et tuyaux&#8221; url=&#8221;#open-overlay&#8221; image=&#8221;https:\/\/groupepicard.ca\/wp-content\/uploads\/2017\/10\/Icons_Tubes-coul-09-1.png&#8221; background_layout=&#8221;dark&#8221; text_orientation=&#8221;center&#8221; max_width=&#8221;65%&#8221; module_id=&#8221;overlay_unique_id_3348&#8243; _builder_version=&#8221;3.0.72&#8243; header_font=&#8221;|on|||&#8221; header_font_size=&#8221;20px&#8221; header_text_color=&#8221;#00354b&#8221; header_line_height=&#8221;1.2em&#8221; body_font=&#8221;||||&#8221; body_font_size=&#8221;1px&#8221; body_line_height=&#8221;1.2em&#8221; custom_margin=&#8221;|||&#8221; custom_padding=&#8221;|10px||10px&#8221; animation_style=&#8221;fade&#8221; \/][et_pb_blurb admin_label=&#8221;1&#8243; title=&#8221;Feuilles, t\u00f4les et plaques&#8221; url=&#8221;#open-overlay&#8221; image=&#8221;https:\/\/groupepicard.ca\/wp-content\/uploads\/2017\/10\/Icons_Tubes-coul-10-1.png&#8221; background_layout=&#8221;dark&#8221; text_orientation=&#8221;center&#8221; max_width=&#8221;65%&#8221; _builder_version=&#8221;3.0.72&#8243; header_font=&#8221;|on|||&#8221; header_font_size=&#8221;20px&#8221; header_text_color=&#8221;#00354b&#8221; header_line_height=&#8221;1.2em&#8221; body_font=&#8221;||||&#8221; body_font_size=&#8221;15px&#8221; body_line_height=&#8221;1em&#8221; custom_margin=&#8221;|||&#8221; custom_padding=&#8221;|10px||10px&#8221; animation_style=&#8221;fade&#8221; module_id=&#8221;overlay_unique_id_3348&#8243; \/][et_pb_blurb admin_label=&#8221;1&#8243; title=&#8221;Corni\u00e8res et profil\u00e9s&#8221; url=&#8221;#open-overlay&#8221; image=&#8221;https:\/\/groupepicard.ca\/wp-content\/uploads\/2017\/10\/Icons_Tubes-coul-11-1.png&#8221; background_layout=&#8221;dark&#8221; text_orientation=&#8221;center&#8221; max_width=&#8221;65%&#8221; _builder_version=&#8221;3.0.72&#8243; header_font=&#8221;|on|||&#8221; header_font_size=&#8221;20px&#8221; header_text_color=&#8221;#00354b&#8221; header_line_height=&#8221;1.2em&#8221; body_font=&#8221;||||&#8221; body_font_size=&#8221;15px&#8221; body_line_height=&#8221;1em&#8221; custom_margin=&#8221;|||&#8221; custom_padding=&#8221;|10px||10px&#8221; animation_style=&#8221;fade&#8221; module_id=&#8221;overlay_unique_id_3348&#8243; \/][et_pb_blurb admin_label=&#8221;1&#8243; title=&#8221;Barres et tiges&#8221; url=&#8221;#open-overlay&#8221; image=&#8221;https:\/\/groupepicard.ca\/wp-content\/uploads\/2017\/10\/Icons_Tubes-coul-12-1.png&#8221; background_layout=&#8221;dark&#8221; text_orientation=&#8221;center&#8221; max_width=&#8221;65%&#8221; _builder_version=&#8221;3.0.72&#8243; header_font=&#8221;|on|||&#8221; header_font_size=&#8221;20px&#8221; header_text_color=&#8221;#00354b&#8221; header_line_height=&#8221;1.2em&#8221; body_font=&#8221;||||&#8221; body_font_size=&#8221;15px&#8221; body_line_height=&#8221;1em&#8221; custom_margin=&#8221;0px||0px|&#8221; custom_padding=&#8221;0px|10px|0px|10px&#8221; animation_style=&#8221;fade&#8221; module_id=&#8221;overlay_unique_id_3348&#8243; \/][et_pb_blurb admin_label=&#8221;1&#8243; title=&#8221;Poutres en H et I&#8221; url=&#8221;#open-overlay&#8221; image=&#8221;https:\/\/groupepicard.ca\/wp-content\/uploads\/2017\/10\/Icons_Tubes-coul-13-1.png&#8221; background_layout=&#8221;dark&#8221; text_orientation=&#8221;center&#8221; max_width=&#8221;65%&#8221; _builder_version=&#8221;3.0.72&#8243; header_font=&#8221;|on|||&#8221; header_font_size=&#8221;20px&#8221; header_text_color=&#8221;#00354b&#8221; header_line_height=&#8221;1.2em&#8221; body_font=&#8221;||||&#8221; body_font_size=&#8221;15px&#8221; body_line_height=&#8221;1em&#8221; custom_margin=&#8221;|||&#8221; custom_padding=&#8221;|10px||10px&#8221; animation_style=&#8221;fade&#8221; module_id=&#8221;overlay_unique_id_3348&#8243; \/][et_pb_blurb admin_label=&#8221;1&#8243; title=&#8221;Grillages et Caillebotis&#8221; url=&#8221;#open-overlay&#8221; image=&#8221;https:\/\/groupepicard.ca\/wp-content\/uploads\/2017\/10\/Icons_Tubes-coul-14-1.png&#8221; background_layout=&#8221;dark&#8221; text_orientation=&#8221;center&#8221; max_width=&#8221;65%&#8221; _builder_version=&#8221;3.0.72&#8243; header_font=&#8221;|on|||&#8221; header_font_size=&#8221;20px&#8221; header_text_color=&#8221;#00354b&#8221; header_line_height=&#8221;1.2em&#8221; body_font=&#8221;||||&#8221; body_font_size=&#8221;15px&#8221; body_line_height=&#8221;1em&#8221; custom_margin=&#8221;|||&#8221; custom_padding=&#8221;|10px||10px&#8221; animation_style=&#8221;fade&#8221; module_id=&#8221;overlay_unique_id_3348&#8243; \/][et_pb_blurb admin_label=&#8221;1&#8243; title=&#8221;M\u00e9taux d\u00e9ploy\u00e9s&#8221; url=&#8221;#open-overlay&#8221; image=&#8221;https:\/\/groupepicard.ca\/wp-content\/uploads\/2017\/10\/Icons_Tubes-coul-15-1.png&#8221; background_layout=&#8221;dark&#8221; text_orientation=&#8221;center&#8221; max_width=&#8221;65%&#8221; _builder_version=&#8221;3.0.72&#8243; header_font=&#8221;|on|||&#8221; header_font_size=&#8221;20px&#8221; header_text_color=&#8221;#00354b&#8221; header_line_height=&#8221;1.2em&#8221; body_font=&#8221;||||&#8221; body_font_size=&#8221;15px&#8221; body_line_height=&#8221;1em&#8221; custom_margin=&#8221;|||&#8221; custom_padding=&#8221;|10px||10px&#8221; animation_style=&#8221;fade&#8221; module_id=&#8221;overlay_unique_id_3348&#8243; \/][et_pb_blurb admin_label=&#8221;1&#8243; title=&#8221;Armatures et treillis&#8221; url=&#8221;#open-overlay&#8221; image=&#8221;https:\/\/groupepicard.ca\/wp-content\/uploads\/2017\/10\/Icons_Tubes-coul-16-1.png&#8221; background_layout=&#8221;dark&#8221; text_orientation=&#8221;center&#8221; max_width=&#8221;65%&#8221; _builder_version=&#8221;3.0.72&#8243; header_font=&#8221;|on|||&#8221; header_font_size=&#8221;20px&#8221; header_text_color=&#8221;#00354b&#8221; header_line_height=&#8221;1.2em&#8221; body_font=&#8221;||||&#8221; body_font_size=&#8221;15px&#8221; body_line_height=&#8221;1em&#8221; custom_margin=&#8221;|||&#8221; custom_padding=&#8221;|10px||10px&#8221; animation_style=&#8221;fade&#8221; module_id=&#8221;overlay_unique_id_3348&#8243; \/][\/et_pb_column][\/et_pb_row][\/et_pb_section][et_pb_section bb_built=&#8221;1&#8243; background_color=&#8221;#00354b&#8221; custom_padding=&#8221;111px|0px|90px|0px&#8221; _builder_version=&#8221;3.0.72&#8243;][et_pb_row custom_padding=&#8221;0px|0px|0px|0px&#8221; _builder_version=&#8221;3.0.72&#8243;][et_pb_column type=&#8221;4_4&#8243;][et_pb_text background_layout=&#8221;dark&#8221; text_orientation=&#8221;center&#8221; _builder_version=&#8221;3.0.72&#8243; text_font=&#8221;|on|||&#8221; text_font_size=&#8221;50px&#8221; text_font_size_tablet=&#8221;45px&#8221; text_font_size_phone=&#8221;36px&#8221; text_font_size_last_edited=&#8221;on|phone&#8221; text_line_height=&#8221;1.2em&#8221; text_line_height_tablet=&#8221;1.2em&#8221; text_line_height_phone=&#8221;1.2em&#8221; text_line_height_last_edited=&#8221;off|desktop&#8221; custom_margin=&#8221;|||&#8221; custom_padding=&#8221;|||&#8221;]<\/p>\n<p>Vous aimeriez \u00e9galement des produits en aluminium?<\/p>\n<p>[\/et_pb_text][\/et_pb_column][\/et_pb_row][et_pb_row use_custom_width=&#8221;on&#8221; custom_width_px=&#8221;543px&#8221; use_custom_gutter=&#8221;on&#8221; gutter_width=&#8221;1&#8243; custom_padding=&#8221;35px|0px|39px|0px&#8221; make_equal=&#8221;on&#8221; _builder_version=&#8221;3.0.72&#8243;][et_pb_column type=&#8221;4_4&#8243;][et_pb_button button_text=&#8221;Produits en aluminium&#8221; button_alignment=&#8221;center&#8221; _builder_version=&#8221;3.0.72&#8243; custom_button=&#8221;on&#8221; button_text_size=&#8221;19px&#8221; button_text_color=&#8221;#ffffff&#8221; button_bg_color=&#8221;#db414c&#8221; button_border_width=&#8221;0px&#8221; button_border_radius=&#8221;26px&#8221; button_font=&#8221;|on|||&#8221; button_use_icon=&#8221;on&#8221; button_icon=&#8221;%%198%%&#8221; button_icon_color=&#8221;#00354b&#8221; button_text_color_hover=&#8221;#00354b&#8221; button_bg_color_hover=&#8221;#ffffff&#8221; button_border_color_hover=&#8221;#ffffff&#8221; button_border_radius_hover=&#8221;26px&#8221; button_letter_spacing_hover=&#8221;0px&#8221; button_text_size_tablet=&#8221;16&#8243; button_text_size_phone=&#8221;16&#8243; button_letter_spacing_tablet=&#8221;0&#8243; button_letter_spacing_phone=&#8221;0&#8243; button_letter_spacing_hover_tablet=&#8221;0&#8243; button_letter_spacing_hover_phone=&#8221;0&#8243; saved_tabs=&#8221;all&#8221; background_color=&#8221;#7EBEC5&#8243; \/][\/et_pb_column][\/et_pb_row][\/et_pb_section][et_pb_section bb_built=&#8221;1&#8243; background_color=&#8221;#db414c&#8221; custom_padding=&#8221;88px|0px|68px|0px&#8221; _builder_version=&#8221;3.0.72&#8243; animation_style=&#8221;fade&#8221; saved_tabs=&#8221;all&#8221; global_module=&#8221;1902&#8243;][et_pb_row global_parent=&#8221;1902&#8243; custom_padding=&#8221;0px|5%|33px|5%&#8221; custom_margin=&#8221;|||&#8221; _builder_version=&#8221;3.0.72&#8243;][et_pb_column type=&#8221;4_4&#8243;][et_pb_text global_parent=&#8221;1902&#8243; background_layout=&#8221;dark&#8221; text_orientation=&#8221;center&#8221; _builder_version=&#8221;3.0.72&#8243; text_font=&#8221;|on|||&#8221; text_font_size=&#8221;40px&#8221; text_line_height=&#8221;1.2em&#8221; header_line_height=&#8221;1.2em&#8221; custom_margin=&#8221;||10px|&#8221;]<\/p>\n<p>Parlez \u00e0 un expert maintenant!<\/p>\n<p>[\/et_pb_text][et_pb_text global_parent=&#8221;1902&#8243; background_layout=&#8221;dark&#8221; text_orientation=&#8221;center&#8221; _builder_version=&#8221;3.0.72&#8243; text_font_size=&#8221;20px&#8221; text_line_height=&#8221;1.2em&#8221; header_line_height=&#8221;1.2em&#8221; custom_margin=&#8221;0px|||&#8221; custom_padding=&#8221;|||&#8221;]<\/p>\n<p>Vous avez une question ou une demande sp\u00e9ciale? Appelez-nous!<\/p>\n<p>[\/et_pb_text][\/et_pb_column][\/et_pb_row][et_pb_row global_parent=&#8221;1902&#8243; use_custom_width=&#8221;on&#8221; custom_width_px=&#8221;853px&#8221; _builder_version=&#8221;3.0.72&#8243;][et_pb_column type=&#8221;1_3&#8243;][et_pb_text global_parent=&#8221;1902&#8243; background_layout=&#8221;dark&#8221; text_orientation=&#8221;center&#8221; _builder_version=&#8221;3.0.72&#8243; text_font=&#8221;|on|||&#8221; text_font_size=&#8221;20px&#8221; custom_margin=&#8221;0px||15px|&#8221; custom_padding=&#8221;0px||0px|&#8221;]<\/p>\n<p>ACIER PICARD L\u00c9VIS<\/p>\n<p>[\/et_pb_text][et_pb_button global_parent=&#8221;1902&#8243; button_text=&#8221;418 834-8300&#8243; button_alignment=&#8221;center&#8221; _builder_version=&#8221;3.0.72&#8243; custom_button=&#8221;on&#8221; button_text_size=&#8221;19px&#8221; button_text_color=&#8221;#db414c&#8221; button_bg_color=&#8221;#ffffff&#8221; button_border_width=&#8221;0px&#8221; button_border_radius=&#8221;26px&#8221; button_font=&#8221;|on|||&#8221; button_use_icon=&#8221;on&#8221; button_icon=&#8221;%%264%%&#8221; button_icon_color=&#8221;#db414c&#8221; button_text_color_hover=&#8221;#ffffff&#8221; button_bg_color_hover=&#8221;#6d1f2e&#8221; button_border_color_hover=&#8221;#ffffff&#8221; button_border_radius_hover=&#8221;26px&#8221; button_letter_spacing_hover=&#8221;0px&#8221; button_text_size_tablet=&#8221;16&#8243; button_text_size_phone=&#8221;16&#8243; button_letter_spacing_tablet=&#8221;0&#8243; button_letter_spacing_phone=&#8221;0&#8243; button_letter_spacing_hover_tablet=&#8221;0&#8243; button_letter_spacing_hover_phone=&#8221;0&#8243; background_color=&#8221;#7EBEC5&#8243; button_url=&#8221;tel:514-834-8300&#8243; \/][\/et_pb_column][et_pb_column type=&#8221;1_3&#8243;][et_pb_text global_parent=&#8221;1902&#8243; background_layout=&#8221;dark&#8221; text_orientation=&#8221;center&#8221; _builder_version=&#8221;3.0.72&#8243; text_font=&#8221;|on|||&#8221; text_font_size=&#8221;20px&#8221; custom_margin=&#8221;0px||15px|&#8221; custom_padding=&#8221;0px||0px|&#8221;]<\/p>\n<p>ACIER MAJEAU JOLIETTE<\/p>\n<p>[\/et_pb_text][et_pb_button global_parent=&#8221;1902&#8243; button_text=&#8221;450 756-1031&#8243; button_alignment=&#8221;center&#8221; _builder_version=&#8221;3.0.72&#8243; custom_button=&#8221;on&#8221; button_text_size=&#8221;19px&#8221; button_text_color=&#8221;#db414c&#8221; button_bg_color=&#8221;#ffffff&#8221; button_border_width=&#8221;0px&#8221; button_border_radius=&#8221;26px&#8221; button_font=&#8221;|on|||&#8221; button_use_icon=&#8221;on&#8221; button_icon=&#8221;%%264%%&#8221; button_icon_color=&#8221;#db414c&#8221; button_text_color_hover=&#8221;#ffffff&#8221; button_bg_color_hover=&#8221;#6d1f2e&#8221; button_border_color_hover=&#8221;#ffffff&#8221; button_border_radius_hover=&#8221;26px&#8221; button_letter_spacing_hover=&#8221;0px&#8221; button_text_size_tablet=&#8221;16&#8243; button_text_size_phone=&#8221;16&#8243; button_letter_spacing_tablet=&#8221;0&#8243; button_letter_spacing_phone=&#8221;0&#8243; button_letter_spacing_hover_tablet=&#8221;0&#8243; button_letter_spacing_hover_phone=&#8221;0&#8243; background_color=&#8221;#7EBEC5&#8243; button_url=&#8221;tel:450-756-1031&#8243; \/][\/et_pb_column][et_pb_column type=&#8221;1_3&#8243;][et_pb_text global_parent=&#8221;1902&#8243; background_layout=&#8221;dark&#8221; text_orientation=&#8221;center&#8221; _builder_version=&#8221;3.0.72&#8243; text_font=&#8221;|on|||&#8221; text_font_size=&#8221;20px&#8221; custom_margin=&#8221;0px||15px|&#8221; custom_padding=&#8221;0px||0px|&#8221;]<\/p>\n<p>ACIER PICARD VARENNES<\/p>\n<p>[\/et_pb_text][et_pb_button global_parent=&#8221;1902&#8243; button_text=&#8221;450 652-7000&#8243; button_alignment=&#8221;center&#8221; _builder_version=&#8221;3.0.72&#8243; custom_button=&#8221;on&#8221; button_text_size=&#8221;19px&#8221; button_text_color=&#8221;#db414c&#8221; button_bg_color=&#8221;#ffffff&#8221; button_border_width=&#8221;0px&#8221; button_border_radius=&#8221;26px&#8221; button_font=&#8221;|on|||&#8221; button_use_icon=&#8221;on&#8221; button_icon=&#8221;%%264%%&#8221; button_icon_color=&#8221;#db414c&#8221; button_text_color_hover=&#8221;#ffffff&#8221; button_bg_color_hover=&#8221;#6d1f2e&#8221; button_border_color_hover=&#8221;#ffffff&#8221; button_border_radius_hover=&#8221;26px&#8221; button_letter_spacing_hover=&#8221;0px&#8221; button_text_size_tablet=&#8221;16&#8243; button_text_size_phone=&#8221;16&#8243; button_letter_spacing_tablet=&#8221;0&#8243; button_letter_spacing_phone=&#8221;0&#8243; button_letter_spacing_hover_tablet=&#8221;0&#8243; button_letter_spacing_hover_phone=&#8221;0&#8243; background_color=&#8221;#7EBEC5&#8243; button_url=&#8221;tel:450-652-7000&#8243; \/][\/et_pb_column][\/et_pb_row][\/et_pb_section][et_pb_section bb_built=&#8221;1&#8243; custom_padding=&#8221;72px|0px|42px|0px&#8221; _builder_version=&#8221;3.0.72&#8243; global_module=&#8221;1903&#8243;][et_pb_row global_parent=&#8221;1903&#8243; custom_padding=&#8221;0px|0px|0px|0px&#8221; _builder_version=&#8221;3.0.72&#8243;][et_pb_column type=&#8221;1_4&#8243;][et_pb_image global_parent=&#8221;1903&#8243; src=&#8221;https:\/\/groupepicard.ca\/wp-content\/uploads\/2017\/12\/Groupe-Picard-Branding-Logo-positif.png&#8221; _builder_version=&#8221;3.0.72&#8243; \/][et_pb_text global_parent=&#8221;1903&#8243; _builder_version=&#8221;3.0.72&#8243;]<\/p>\n<p><strong>L\u00c9VIS :<br \/>\n<\/strong><a href=\"mailto:levis@acierpicard.com\">levis@acierpicard.com<\/a><strong><br \/>\n<\/strong><\/p>\n<p><strong>JOLIETTE :<\/strong><br \/>\n<span style=\"color: #db414c;\"><span style=\"color: #db000e;\"><a style=\"color: #db000e;\" href=\"mailto:info@aciermajeau.com\">info@aciermajeau.com<\/a><\/span><br \/>\n<\/span><\/p>\n<p><strong>VARENNES :<\/strong><br \/>\n<span style=\"color: #db000e;\"><a style=\"color: #db000e;\" href=\"mailto:varennes@acierpicard.com\">varennes@acierpicard.com<\/a><\/span><\/p>\n<p>[\/et_pb_text][\/et_pb_column][et_pb_column type=&#8221;3_4&#8243;][et_pb_contact_form global_parent=&#8221;1903&#8243; captcha=&#8221;off&#8221; email=&#8221;sleclerc@akro.ca&#8221; title=&#8221;\u00c9crivez-nous: nous sommes l\u00e0 pour vous aider!&#8221; success_message=&#8221;Merci pour votre question, un de nos experts vous contactera sous peu.&#8221; submit_button_text=&#8221;Envoyer&#8221; form_background_color=&#8221;rgba(230,243,249,0.57)&#8221; module_id=&#8221;et_pb_contact_form_0&#8243; _builder_version=&#8221;3.0.72&#8243; title_font=&#8221;|on|||&#8221; title_font_size=&#8221;26px&#8221; title_text_color=&#8221;#00354b&#8221; title_line_height=&#8221;1.1em&#8221; custom_button=&#8221;on&#8221; button_text_size=&#8221;16px&#8221; button_text_color=&#8221;#ffffff&#8221; button_bg_color=&#8221;#db3943&#8243; button_border_radius=&#8221;36px&#8221; button_font=&#8221;|on|||&#8221; button_icon=&#8221;%%153%%&#8221; button_on_hover=&#8221;off&#8221; button_bg_color_hover=&#8221;#00354b&#8221; button_border_radius_hover=&#8221;32px&#8221;] [et_pb_contact_field field_id=&#8221;Name&#8221; field_title=&#8221;Nom complet&#8221; _builder_version=&#8221;3.0.47&#8243;][\/et_pb_contact_field][et_pb_contact_field field_id=&#8221;Email&#8221; field_title=&#8221;Courriel&#8221; field_type=&#8221;email&#8221; _builder_version=&#8221;3.0.47&#8243;][\/et_pb_contact_field][et_pb_contact_field field_id=&#8221;Field_4&#8243; field_title=&#8221;Choisissez une succursale&#8221; field_type=&#8221;select&#8221; select_options=&#8221;%91{%22value%22:%22Succursale de L\u00e9vis%22,%22checked%22:0,%22dragID%22:0},{%22value%22:%22Succursale de Joliette%22,%22checked%22:0,%22dragID%22:1},{%22value%22:%22Succursale de Varennes%22,%22checked%22:0,%22dragID%22:2}%93&#8243; fullwidth_field=&#8221;on&#8221; _builder_version=&#8221;3.0.72&#8243; form_field_font_size=&#8221;14px&#8221; form_field_text_color=&#8221;rgba(0,0,0,0.56)&#8221;][\/et_pb_contact_field][et_pb_contact_field field_id=&#8221;Message&#8221; field_title=&#8221;Message&#8221; field_type=&#8221;text&#8221; fullwidth_field=&#8221;on&#8221; _builder_version=&#8221;3.0.47&#8243;][\/et_pb_contact_field] [\/et_pb_contact_form][\/et_pb_column][\/et_pb_row][\/et_pb_section]<\/p>\n","protected":false},"excerpt":{"rendered":"<p>Catalogue de produits en acier Faites un choix parmis nos produits d&#8217;acier? Vous aimeriez \u00e9galement des produits en aluminium? Parlez \u00e0 un expert maintenant! Vous avez une question ou une demande sp\u00e9ciale? Appelez-nous! ACIER PICARD L\u00c9VIS ACIER MAJEAU JOLIETTE ACIER PICARD VARENNES L\u00c9VIS : levis@acierpicard.com JOLIETTE : info@aciermajeau.com VARENNES : varennes@acierpicard.com<\/p>\n","protected":false},"author":7,"featured_media":0,"parent":45833,"menu_order":4,"comment_status":"closed","ping_status":"closed","template":"","meta":{"_et_pb_use_builder":"on","_et_pb_old_content":"","_et_gb_content_width":"","footnotes":""},"categories":[],"tags":[],"_links":{"self":[{"href":"https:\/\/groupepicard.ca\/en\/wp-json\/wp\/v2\/pages\/45836"}],"collection":[{"href":"https:\/\/groupepicard.ca\/en\/wp-json\/wp\/v2\/pages"}],"about":[{"href":"https:\/\/groupepicard.ca\/en\/wp-json\/wp\/v2\/types\/page"}],"author":[{"embeddable":true,"href":"https:\/\/groupepicard.ca\/en\/wp-json\/wp\/v2\/users\/7"}],"replies":[{"embeddable":true,"href":"https:\/\/groupepicard.ca\/en\/wp-json\/wp\/v2\/comments?post=45836"}],"version-history":[{"count":0,"href":"https:\/\/groupepicard.ca\/en\/wp-json\/wp\/v2\/pages\/45836\/revisions"}],"up":[{"embeddable":true,"href":"https:\/\/groupepicard.ca\/en\/wp-json\/wp\/v2\/pages\/45833"}],"wp:attachment":[{"href":"https:\/\/groupepicard.ca\/en\/wp-json\/wp\/v2\/media?parent=45836"}],"wp:term":[{"taxonomy":"category","embeddable":true,"href":"https:\/\/groupepicard.ca\/en\/wp-json\/wp\/v2\/categories?post=45836"},{"taxonomy":"post_tag","embeddable":true,"href":"https:\/\/groupepicard.ca\/en\/wp-json\/wp\/v2\/tags?post=45836"}],"curies":[{"name":"wp","href":"https:\/\/api.w.org\/{rel}","templated":true}]}}